{"id":1045,"date":"2021-04-30T18:45:06","date_gmt":"2021-04-30T16:45:06","guid":{"rendered":"https:\/\/cambraprofessional.org\/?page_id=1045"},"modified":"2021-05-13T11:40:23","modified_gmt":"2021-05-13T09:40:23","slug":"objetivo","status":"publish","type":"page","link":"https:\/\/cambraprofessional.org\/es\/objetivo\/","title":{"rendered":"Objetivo"},"content":{"rendered":"<div class=\"fusion-fullwidth fullwidth-box fusion-builder-row-1 nonhundred-percent-fullwidth non-hundred-percent-height-scrolling\" style=\"--awb-border-radius-top-left:0px;--awb-border-radius-top-right:0px;--awb-border-radius-bottom-right:0px;--awb-border-radius-bottom-left:0px;--awb-flex-wrap:wrap;\" ><div class=\"fusion-builder-row fusion-row\"><div class=\"fusion-layout-column fusion_builder_column fusion-builder-column-0 fusion_builder_column_1_1 1_1 fusion-one-full fusion-column-first fusion-column-last\" style=\"--awb-bg-size:cover;\"><div class=\"fusion-column-wrapper fusion-column-has-shadow fusion-flex-column-wrapper-legacy\"><div class=\"fusion-text fusion-text-1\"><p style=\"text-align: right;\"><em>(Extractos de la carta fundacional y de los estatutos)<\/em><\/p>\n<h3>Ideario<\/h3>\n<p>Bajo la premisa de avanzar hacia la SOSTENIBILIDAD y la RACIONALIZACI\u00d3N de todo el proceso de intervenci\u00f3n en el territorio es necesario que la actuaci\u00f3n de todos los agentes que intervienen en el sector est\u00e9 encaminada y en consecuencia el ejercicio profesional de sus facultativos, que entendemos debe estar presidida por los siguientes principios:<\/p>\n<ul>\n<li>El hito permanente de la calidad y de la excelencia.<\/li>\n<li>La premisa de la correlaci\u00f3n entre la edificaci\u00f3n y la urbanizaci\u00f3n del usuario.<\/li>\n<li>El prop\u00f3sito de la mejora constante del producto final, urban\u00edstico y edificatorio.<\/li>\n<\/ul>\n<p>Asimismo, se trabaja con la voluntad de extender este ideario al resto de agentes con el fin de buscar coincidencias y avanzar juntos en este camino, por lo tanto, y de una manera muy especial, la C\u00e1mara tiene como objetivo el establecimiento permanente de los puentes de di\u00e1logo necesarios con los \u00f3rganos ejecutivos y legislativos de la Administraci\u00f3n y los promotores p\u00fablicos y privados, as\u00ed como con todas las organizaciones empresariales y profesionales vinculadas con el sector.<\/p>\n<\/div><div class=\"fusion-text fusion-text-2\"><h3>Prop\u00f3sitos profesionales<strong><img decoding=\"async\" class=\"alignright wp-image-399 size-medium\" src=\"http:\/\/cambraprofessional.org\/wp-content\/uploads\/2020\/07\/04_Hospital-Cl\u00ednic-UCI-Tor\u00e0cica-300x188.jpg\" alt=\"\" width=\"300\" height=\"188\" srcset=\"https:\/\/cambraprofessional.org\/wp-content\/uploads\/2020\/07\/04_Hospital-Cl\u00ednic-UCI-Tor\u00e0cica-200x125.jpg 200w, https:\/\/cambraprofessional.org\/wp-content\/uploads\/2020\/07\/04_Hospital-Cl\u00ednic-UCI-Tor\u00e0cica-300x188.jpg 300w, https:\/\/cambraprofessional.org\/wp-content\/uploads\/2020\/07\/04_Hospital-Cl\u00ednic-UCI-Tor\u00e0cica-320x202.jpg 320w, https:\/\/cambraprofessional.org\/wp-content\/uploads\/2020\/07\/04_Hospital-Cl\u00ednic-UCI-Tor\u00e0cica-400x250.jpg 400w, https:\/\/cambraprofessional.org\/wp-content\/uploads\/2020\/07\/04_Hospital-Cl\u00ednic-UCI-Tor\u00e0cica-600x375.jpg 600w, https:\/\/cambraprofessional.org\/wp-content\/uploads\/2020\/07\/04_Hospital-Cl\u00ednic-UCI-Tor\u00e0cica-700x441.jpg 700w, https:\/\/cambraprofessional.org\/wp-content\/uploads\/2020\/07\/04_Hospital-Cl\u00ednic-UCI-Tor\u00e0cica-768x480.jpg 768w, https:\/\/cambraprofessional.org\/wp-content\/uploads\/2020\/07\/04_Hospital-Cl\u00ednic-UCI-Tor\u00e0cica-800x500.jpg 800w, https:\/\/cambraprofessional.org\/wp-content\/uploads\/2020\/07\/04_Hospital-Cl\u00ednic-UCI-Tor\u00e0cica-1024x640.jpg 1024w, https:\/\/cambraprofessional.org\/wp-content\/uploads\/2020\/07\/04_Hospital-Cl\u00ednic-UCI-Tor\u00e0cica-1200x750.jpg 1200w, https:\/\/cambraprofessional.org\/wp-content\/uploads\/2020\/07\/04_Hospital-Cl\u00ednic-UCI-Tor\u00e0cica-1536x960.jpg 1536w, https:\/\/cambraprofessional.org\/wp-content\/uploads\/2020\/07\/04_Hospital-Cl\u00ednic-UCI-Tor\u00e0cica.jpg 1920w\" sizes=\"(max-width: 300px) 100vw, 300px\" \/><\/strong><\/h3>\n<ul>\n<li>Procurar la idoneidad y la viabilidad de toda la inversi\u00f3n a trav\u00e9s del asesoramiento, la gesti\u00f3n y la direcci\u00f3n ejecutiva de los procesos de planeamiento, de proyecto y de ejecuci\u00f3n de las obras.<\/li>\n<li>Perseguir la idoneidad del proyecto en cuanto a soluciones urban\u00edsticas, constructivas, de los materiales escogidos y los procesos constructivos.<\/li>\n<li>Garantizar la calidad del proyecto, tambi\u00e9n como documento contractual.<\/li>\n<li>Asesorar, dirigir y gestionar el proceso de licitaci\u00f3n.<\/li>\n<li>Ofrecer la mejor garant\u00eda de gesti\u00f3n, direcci\u00f3n y control de la obra.<\/li>\n<li>Procurar, permanentemente, la capitalizaci\u00f3n y puesta en com\u00fan de la experiencia y la informaci\u00f3n de nuestra intervenci\u00f3n en el proceso.<\/li>\n<\/ul>\n<\/div><div class=\"fusion-text fusion-text-3\"><h3>Prop\u00f3sitos empresariales<strong><img decoding=\"async\" class=\"alignright wp-image-451 size-medium\" src=\"http:\/\/cambraprofessional.org\/wp-content\/uploads\/2020\/07\/estudi-at3-cambra-FOTO-4-205x300.jpg\" alt=\"\" width=\"205\" height=\"300\" srcset=\"https:\/\/cambraprofessional.org\/wp-content\/uploads\/2020\/07\/estudi-at3-cambra-FOTO-4-200x293.jpg 200w, https:\/\/cambraprofessional.org\/wp-content\/uploads\/2020\/07\/estudi-at3-cambra-FOTO-4-205x300.jpg 205w, https:\/\/cambraprofessional.org\/wp-content\/uploads\/2020\/07\/estudi-at3-cambra-FOTO-4-400x586.jpg 400w, https:\/\/cambraprofessional.org\/wp-content\/uploads\/2020\/07\/estudi-at3-cambra-FOTO-4-600x879.jpg 600w, https:\/\/cambraprofessional.org\/wp-content\/uploads\/2020\/07\/estudi-at3-cambra-FOTO-4-699x1024.jpg 699w, https:\/\/cambraprofessional.org\/wp-content\/uploads\/2020\/07\/estudi-at3-cambra-FOTO-4-768x1125.jpg 768w, https:\/\/cambraprofessional.org\/wp-content\/uploads\/2020\/07\/estudi-at3-cambra-FOTO-4-800x1172.jpg 800w, https:\/\/cambraprofessional.org\/wp-content\/uploads\/2020\/07\/estudi-at3-cambra-FOTO-4-1049x1536.jpg 1049w, https:\/\/cambraprofessional.org\/wp-content\/uploads\/2020\/07\/estudi-at3-cambra-FOTO-4-1200x1757.jpg 1200w, https:\/\/cambraprofessional.org\/wp-content\/uploads\/2020\/07\/estudi-at3-cambra-FOTO-4.jpg 1311w\" sizes=\"(max-width: 205px) 100vw, 205px\" \/><\/strong><\/h3>\n<ul>\n<li>Representar, de acuerdo con los principios expresados, en la CARTA FUNDACIONAL, todas las empresas afiliadas, en la promoci\u00f3n y en la defensa de los intereses profesionales, laborales, econ\u00f3micos, sociales y culturales, tanto individuales como colectivos que le son propios.<\/li>\n<li>Fomentar la solidaridad de las empresas afiliadas y sus profesionales mediante la promoci\u00f3n y creaci\u00f3n de servicios comunes de naturaleza cultural, formativa y asistencial.<\/li>\n<li>Programar las acciones oportunas para conseguir mejoras para el sector y las empresas y personas afectadas, y en especial la promoci\u00f3n y la difusi\u00f3n de sus competencias.<\/li>\n<li>Mantener el contacto necesario y el trato con otras organizaciones afines, de cualquier \u00e1mbito territorial, con el objetivo de prestarse colaboraci\u00f3n mutua y tambi\u00e9n intercambiar experiencias en materia profesional, sindical o cualquier otra que redunde en el beneficio de la asociaci\u00f3n y de las empresas afiliadas.<\/li>\n<li>Ejercer la actividad patronal, caracterizada por la existencia de otra parte relacionada con la persona titular del derecho por una relaci\u00f3n de servicio y de la cual se ejercita, mediante la expresi\u00f3n de una serie de derechos, como los de la negociaci\u00f3n colectiva laboral, adopci\u00f3n de medidas de conflictos colectivos e individuales de trabajo, di\u00e1logo social y participaci\u00f3n institucional en los organismos p\u00fablicos de las administraciones p\u00fablicas laborales.<\/li>\n<li>Si fuera necesario, asociarse con otras organizaciones del mismo \u00e1mbito funcional, pero de \u00e1mbito geogr\u00e1fico superior, y\/o constituir federaciones o confederaciones en las condiciones establecidas por el ordenamiento jur\u00eddico.<\/li>\n<\/ul>\n<\/div><div class=\"fusion-clearfix\"><\/div><\/div><\/div><\/div><\/div>\n","protected":false},"excerpt":{"rendered":"","protected":false},"author":1,"featured_media":0,"parent":0,"menu_order":0,"comment_status":"closed","ping_status":"closed","template":"","meta":{"footnotes":""},"class_list":["post-1045","page","type-page","status-publish","hentry"],"yoast_head":"<!-- This site is optimized with the Yoast SEO plugin v26.8 - https:\/\/yoast.com\/product\/yoast-seo-wordpress\/ -->\n<title>Objetivo &#8226; Cambra Professional<\/title>\n<meta name=\"description\" content=\"Objetivos de La Cambra. Servicios Profesionales en la Construcci\u00f3n, Arquitectura y Ingenieria en Catalu\u00f1a Barcelona\" \/>\n<meta name=\"robots\" content=\"index, follow, max-snippet:-1, max-image-preview:large, max-video-preview:-1\" \/>\n<link rel=\"canonical\" href=\"https:\/\/cambraprofessional.org\/es\/objetivo\/\" \/>\n<meta property=\"og:locale\" content=\"es_ES\" \/>\n<meta property=\"og:type\" content=\"article\" \/>\n<meta property=\"og:title\" content=\"Objetivo &#8226; Cambra Professional\" \/>\n<meta property=\"og:description\" content=\"Objetivos de La Cambra. Servicios Profesionales en la Construcci\u00f3n, Arquitectura y Ingenieria en Catalu\u00f1a Barcelona\" \/>\n<meta property=\"og:url\" content=\"https:\/\/cambraprofessional.org\/es\/objetivo\/\" \/>\n<meta property=\"og:site_name\" content=\"Cambra Professional\" \/>\n<meta property=\"article:modified_time\" content=\"2021-05-13T09:40:23+00:00\" \/>\n<meta property=\"og:image\" content=\"http:\/\/cambraprofessional.org\/wp-content\/uploads\/2020\/07\/04_Hospital-Cl\u00ednic-UCI-Tor\u00e0cica-300x188.jpg\" \/>\n<meta name=\"twitter:card\" content=\"summary_large_image\" \/>\n<meta name=\"twitter:site\" content=\"@Cambra_Empreses\" \/>\n<meta name=\"twitter:label1\" content=\"Tiempo de lectura\" \/>\n\t<meta name=\"twitter:data1\" content=\"6 minutos\" \/>\n<script type=\"application\/ld+json\" class=\"yoast-schema-graph\">{\"@context\":\"https:\/\/schema.org\",\"@graph\":[{\"@type\":\"WebPage\",\"@id\":\"https:\/\/cambraprofessional.org\/es\/objetivo\/\",\"url\":\"https:\/\/cambraprofessional.org\/es\/objetivo\/\",\"name\":\"Objetivo &#8226; Cambra Professional\",\"isPartOf\":{\"@id\":\"https:\/\/cambraprofessional.org\/es\/#website\"},\"primaryImageOfPage\":{\"@id\":\"https:\/\/cambraprofessional.org\/es\/objetivo\/#primaryimage\"},\"image\":{\"@id\":\"https:\/\/cambraprofessional.org\/es\/objetivo\/#primaryimage\"},\"thumbnailUrl\":\"http:\/\/cambraprofessional.org\/wp-content\/uploads\/2020\/07\/estudi-at3-cambra-FOTO-4-205x300.jpg\",\"datePublished\":\"2021-04-30T16:45:06+00:00\",\"dateModified\":\"2021-05-13T09:40:23+00:00\",\"description\":\"Objetivos de La Cambra. Servicios Profesionales en la Construcci\u00f3n, Arquitectura y Ingenieria en Catalu\u00f1a Barcelona\",\"breadcrumb\":{\"@id\":\"https:\/\/cambraprofessional.org\/es\/objetivo\/#breadcrumb\"},\"inLanguage\":\"es\",\"potentialAction\":[{\"@type\":\"ReadAction\",\"target\":[\"https:\/\/cambraprofessional.org\/es\/objetivo\/\"]}]},{\"@type\":\"ImageObject\",\"inLanguage\":\"es\",\"@id\":\"https:\/\/cambraprofessional.org\/es\/objetivo\/#primaryimage\",\"url\":\"http:\/\/cambraprofessional.org\/wp-content\/uploads\/2020\/07\/estudi-at3-cambra-FOTO-4-205x300.jpg\",\"contentUrl\":\"http:\/\/cambraprofessional.org\/wp-content\/uploads\/2020\/07\/estudi-at3-cambra-FOTO-4-205x300.jpg\"},{\"@type\":\"BreadcrumbList\",\"@id\":\"https:\/\/cambraprofessional.org\/es\/objetivo\/#breadcrumb\",\"itemListElement\":[{\"@type\":\"ListItem\",\"position\":1,\"name\":\"Inici\",\"item\":\"https:\/\/cambraprofessional.org\/es\/\"},{\"@type\":\"ListItem\",\"position\":2,\"name\":\"Objetivo\"}]},{\"@type\":\"WebSite\",\"@id\":\"https:\/\/cambraprofessional.org\/es\/#website\",\"url\":\"https:\/\/cambraprofessional.org\/es\/\",\"name\":\"Cambra d&#039;Empreses\",\"description\":\"Serveis Professionals a la Construcci\u00f3 Catalunya\",\"publisher\":{\"@id\":\"https:\/\/cambraprofessional.org\/es\/#organization\"},\"potentialAction\":[{\"@type\":\"SearchAction\",\"target\":{\"@type\":\"EntryPoint\",\"urlTemplate\":\"https:\/\/cambraprofessional.org\/es\/?s={search_term_string}\"},\"query-input\":{\"@type\":\"PropertyValueSpecification\",\"valueRequired\":true,\"valueName\":\"search_term_string\"}}],\"inLanguage\":\"es\"},{\"@type\":\"Organization\",\"@id\":\"https:\/\/cambraprofessional.org\/es\/#organization\",\"name\":\"Cambra d'Empreses, Serveis Professionals a la Construcci\u00f3 Catalunya\",\"url\":\"https:\/\/cambraprofessional.org\/es\/\",\"logo\":{\"@type\":\"ImageObject\",\"inLanguage\":\"es\",\"@id\":\"https:\/\/cambraprofessional.org\/es\/#\/schema\/logo\/image\/\",\"url\":\"https:\/\/cambraprofessional.org\/wp-content\/uploads\/2020\/11\/300-logo-cambra-professionals-barcelona-construccion-arquitectura.jpg\",\"contentUrl\":\"https:\/\/cambraprofessional.org\/wp-content\/uploads\/2020\/11\/300-logo-cambra-professionals-barcelona-construccion-arquitectura.jpg\",\"width\":300,\"height\":100,\"caption\":\"Cambra d'Empreses, Serveis Professionals a la Construcci\u00f3 Catalunya\"},\"image\":{\"@id\":\"https:\/\/cambraprofessional.org\/es\/#\/schema\/logo\/image\/\"},\"sameAs\":[\"https:\/\/x.com\/Cambra_Empreses\",\"https:\/\/www.linkedin.com\/in\/cambraprofessional\/\"]}]}<\/script>\n<!-- \/ Yoast SEO plugin. -->","yoast_head_json":{"title":"Objetivo &#8226; Cambra Professional","description":"Objetivos de La Cambra. Servicios Profesionales en la Construcci\u00f3n, Arquitectura y Ingenieria en Catalu\u00f1a Barcelona","robots":{"index":"index","follow":"follow","max-snippet":"max-snippet:-1","max-image-preview":"max-image-preview:large","max-video-preview":"max-video-preview:-1"},"canonical":"https:\/\/cambraprofessional.org\/es\/objetivo\/","og_locale":"es_ES","og_type":"article","og_title":"Objetivo &#8226; Cambra Professional","og_description":"Objetivos de La Cambra. Servicios Profesionales en la Construcci\u00f3n, Arquitectura y Ingenieria en Catalu\u00f1a Barcelona","og_url":"https:\/\/cambraprofessional.org\/es\/objetivo\/","og_site_name":"Cambra Professional","article_modified_time":"2021-05-13T09:40:23+00:00","og_image":[{"url":"http:\/\/cambraprofessional.org\/wp-content\/uploads\/2020\/07\/04_Hospital-Cl\u00ednic-UCI-Tor\u00e0cica-300x188.jpg","type":"","width":"","height":""}],"twitter_card":"summary_large_image","twitter_site":"@Cambra_Empreses","twitter_misc":{"Tiempo de lectura":"6 minutos"},"schema":{"@context":"https:\/\/schema.org","@graph":[{"@type":"WebPage","@id":"https:\/\/cambraprofessional.org\/es\/objetivo\/","url":"https:\/\/cambraprofessional.org\/es\/objetivo\/","name":"Objetivo &#8226; Cambra Professional","isPartOf":{"@id":"https:\/\/cambraprofessional.org\/es\/#website"},"primaryImageOfPage":{"@id":"https:\/\/cambraprofessional.org\/es\/objetivo\/#primaryimage"},"image":{"@id":"https:\/\/cambraprofessional.org\/es\/objetivo\/#primaryimage"},"thumbnailUrl":"http:\/\/cambraprofessional.org\/wp-content\/uploads\/2020\/07\/estudi-at3-cambra-FOTO-4-205x300.jpg","datePublished":"2021-04-30T16:45:06+00:00","dateModified":"2021-05-13T09:40:23+00:00","description":"Objetivos de La Cambra. Servicios Profesionales en la Construcci\u00f3n, Arquitectura y Ingenieria en Catalu\u00f1a Barcelona","breadcrumb":{"@id":"https:\/\/cambraprofessional.org\/es\/objetivo\/#breadcrumb"},"inLanguage":"es","potentialAction":[{"@type":"ReadAction","target":["https:\/\/cambraprofessional.org\/es\/objetivo\/"]}]},{"@type":"ImageObject","inLanguage":"es","@id":"https:\/\/cambraprofessional.org\/es\/objetivo\/#primaryimage","url":"http:\/\/cambraprofessional.org\/wp-content\/uploads\/2020\/07\/estudi-at3-cambra-FOTO-4-205x300.jpg","contentUrl":"http:\/\/cambraprofessional.org\/wp-content\/uploads\/2020\/07\/estudi-at3-cambra-FOTO-4-205x300.jpg"},{"@type":"BreadcrumbList","@id":"https:\/\/cambraprofessional.org\/es\/objetivo\/#breadcrumb","itemListElement":[{"@type":"ListItem","position":1,"name":"Inici","item":"https:\/\/cambraprofessional.org\/es\/"},{"@type":"ListItem","position":2,"name":"Objetivo"}]},{"@type":"WebSite","@id":"https:\/\/cambraprofessional.org\/es\/#website","url":"https:\/\/cambraprofessional.org\/es\/","name":"Cambra d&#039;Empreses","description":"Serveis Professionals a la Construcci\u00f3 Catalunya","publisher":{"@id":"https:\/\/cambraprofessional.org\/es\/#organization"},"potentialAction":[{"@type":"SearchAction","target":{"@type":"EntryPoint","urlTemplate":"https:\/\/cambraprofessional.org\/es\/?s={search_term_string}"},"query-input":{"@type":"PropertyValueSpecification","valueRequired":true,"valueName":"search_term_string"}}],"inLanguage":"es"},{"@type":"Organization","@id":"https:\/\/cambraprofessional.org\/es\/#organization","name":"Cambra d'Empreses, Serveis Professionals a la Construcci\u00f3 Catalunya","url":"https:\/\/cambraprofessional.org\/es\/","logo":{"@type":"ImageObject","inLanguage":"es","@id":"https:\/\/cambraprofessional.org\/es\/#\/schema\/logo\/image\/","url":"https:\/\/cambraprofessional.org\/wp-content\/uploads\/2020\/11\/300-logo-cambra-professionals-barcelona-construccion-arquitectura.jpg","contentUrl":"https:\/\/cambraprofessional.org\/wp-content\/uploads\/2020\/11\/300-logo-cambra-professionals-barcelona-construccion-arquitectura.jpg","width":300,"height":100,"caption":"Cambra d'Empreses, Serveis Professionals a la Construcci\u00f3 Catalunya"},"image":{"@id":"https:\/\/cambraprofessional.org\/es\/#\/schema\/logo\/image\/"},"sameAs":["https:\/\/x.com\/Cambra_Empreses","https:\/\/www.linkedin.com\/in\/cambraprofessional\/"]}]}},"_links":{"self":[{"href":"https:\/\/cambraprofessional.org\/es\/wp-json\/wp\/v2\/pages\/1045","targetHints":{"allow":["GET"]}}],"collection":[{"href":"https:\/\/cambraprofessional.org\/es\/wp-json\/wp\/v2\/pages"}],"about":[{"href":"https:\/\/cambraprofessional.org\/es\/wp-json\/wp\/v2\/types\/page"}],"author":[{"embeddable":true,"href":"https:\/\/cambraprofessional.org\/es\/wp-json\/wp\/v2\/users\/1"}],"replies":[{"embeddable":true,"href":"https:\/\/cambraprofessional.org\/es\/wp-json\/wp\/v2\/comments?post=1045"}],"version-history":[{"count":0,"href":"https:\/\/cambraprofessional.org\/es\/wp-json\/wp\/v2\/pages\/1045\/revisions"}],"wp:attachment":[{"href":"https:\/\/cambraprofessional.org\/es\/wp-json\/wp\/v2\/media?parent=1045"}],"curies":[{"name":"wp","href":"https:\/\/api.w.org\/{rel}","templated":true}]}}