{"id":1038,"date":"2021-04-29T11:59:17","date_gmt":"2021-04-29T09:59:17","guid":{"rendered":"https:\/\/cambraprofessional.org\/?page_id=1038"},"modified":"2025-11-17T20:29:23","modified_gmt":"2025-11-17T18:29:23","slug":"inicio","status":"publish","type":"page","link":"https:\/\/cambraprofessional.org\/es\/","title":{"rendered":"Inicio"},"content":{"rendered":"<p><div class=\"fusion-fullwidth fullwidth-box fusion-builder-row-1 nonhundred-percent-fullwidth non-hundred-percent-height-scrolling\" style=\"--awb-border-radius-top-left:0px;--awb-border-radius-top-right:0px;--awb-border-radius-bottom-right:0px;--awb-border-radius-bottom-left:0px;--awb-flex-wrap:wrap;\" ><div class=\"fusion-builder-row fusion-row\"><div class=\"fusion-layout-column fusion_builder_column fusion-builder-column-0 fusion_builder_column_1_2 1_2 fusion-one-half fusion-column-first\" style=\"--awb-bg-size:cover;width:50%;width:calc(50% - ( ( 4% ) * 0.5 ) );margin-right: 4%;\"><div class=\"fusion-column-wrapper fusion-column-has-shadow fusion-flex-column-wrapper-legacy\"><div class=\"fusion-title title fusion-title-1 fusion-sep-none fusion-title-text fusion-title-size-two\"><h2 class=\"fusion-title-heading title-heading-left\" style=\"margin:0;\">Cambra d\u2019Empreses de Serveis Professionals a la Construcci\u00f3.<\/h2><\/div><div class=\"fusion-text fusion-text-1\"><p>La Cambra d\u2019Empreses de Serveis Professionals a la Construcci\u00f3 es una organizaci\u00f3n empresarial (constituida al emparo de la Ley 19\/1977 del 1 de abril). Sus socios son despachos profesionales colegiados que ofrecen al sector de la construcci\u00f3n los servicios propios de las profesiones liberales, que ejercen en las \u00e1reas de la arquitectura y de la ingenier\u00eda. Centrada, sobre todo, en los subsectores de la edificaci\u00f3n y del urbanismo.<\/p>\n<p>Es, por lo tanto, por propia naturaleza, una agrupaci\u00f3n pluridisciplinar, con el objetivo de reunir a las sociedades profesionales que se dedican primordialmente a GESTIONAR, REDACTAR Y\/O ASESORAR Y DIRIGIR todo tipo de procesos de planeamiento de proyectos y obras de edificaci\u00f3n y de infraestructuras urbanas.<\/p>\n<\/div><div class=\"fusion-clearfix\"><\/div><\/div><\/div><div class=\"fusion-layout-column fusion_builder_column fusion-builder-column-1 fusion_builder_column_1_2 1_2 fusion-one-half fusion-column-last\" style=\"--awb-bg-size:cover;width:50%;width:calc(50% - ( ( 4% ) * 0.5 ) );\"><div class=\"fusion-column-wrapper fusion-column-has-shadow fusion-flex-column-wrapper-legacy\"><div class=\"awb-gallery-wrapper awb-gallery-wrapper-1 button-span-no\"><div style=\"margin:-5px;--awb-bordersize:0px;\" class=\"fusion-gallery fusion-gallery-container fusion-grid-2 fusion-columns-total-4 fusion-gallery-layout-grid fusion-gallery-1\"><div style=\"padding:5px;\" class=\"fusion-grid-column fusion-gallery-column fusion-gallery-column-2 hover-type-none\"><div class=\"fusion-gallery-image\"><a href=\"https:\/\/cambraprofessional.org\/wp-content\/uploads\/2020\/03\/cambra-profesionals-emrpeses-construccio-barcelona-catalunya-junta-associats-1.jpg\" rel=\"noreferrer\" data-rel=\"iLightbox[gallery_image_1]\" class=\"fusion-lightbox\" target=\"_self\"><img decoding=\"async\" src=\"https:\/\/cambraprofessional.org\/wp-content\/uploads\/2020\/03\/cambra-profesionals-emrpeses-construccio-barcelona-catalunya-junta-associats-1.jpg\" width=\"1440\" height=\"810\" alt=\"\" title=\"cambra-profesionals-emrpeses-construccio-barcelona-catalunya-junta-associats (1)\" aria-label=\"cambra-profesionals-emrpeses-construccio-barcelona-catalunya-junta-associats (1)\" class=\"img-responsive wp-image-138\" srcset=\"https:\/\/cambraprofessional.org\/wp-content\/uploads\/2020\/03\/cambra-profesionals-emrpeses-construccio-barcelona-catalunya-junta-associats-1-200x113.jpg 200w, https:\/\/cambraprofessional.org\/wp-content\/uploads\/2020\/03\/cambra-profesionals-emrpeses-construccio-barcelona-catalunya-junta-associats-1-400x225.jpg 400w, https:\/\/cambraprofessional.org\/wp-content\/uploads\/2020\/03\/cambra-profesionals-emrpeses-construccio-barcelona-catalunya-junta-associats-1-600x338.jpg 600w, https:\/\/cambraprofessional.org\/wp-content\/uploads\/2020\/03\/cambra-profesionals-emrpeses-construccio-barcelona-catalunya-junta-associats-1-800x450.jpg 800w, https:\/\/cambraprofessional.org\/wp-content\/uploads\/2020\/03\/cambra-profesionals-emrpeses-construccio-barcelona-catalunya-junta-associats-1-1200x675.jpg 1200w, https:\/\/cambraprofessional.org\/wp-content\/uploads\/2020\/03\/cambra-profesionals-emrpeses-construccio-barcelona-catalunya-junta-associats-1.jpg 1440w\" sizes=\"(min-width: 2200px) 100vw, (min-width: 712px) 638px, (min-width: 640px) 712px, \" \/><\/a><\/div><\/div><div style=\"padding:5px;\" class=\"fusion-grid-column fusion-gallery-column fusion-gallery-column-2 hover-type-none\"><div class=\"fusion-gallery-image\"><a href=\"https:\/\/cambraprofessional.org\/wp-content\/uploads\/2020\/03\/cambra-profesionals-emrpeses-construccio-barcelona-catalunya-junta-associats-2.jpg\" rel=\"noreferrer\" data-rel=\"iLightbox[gallery_image_1]\" class=\"fusion-lightbox\" target=\"_self\"><img decoding=\"async\" src=\"https:\/\/cambraprofessional.org\/wp-content\/uploads\/2020\/03\/cambra-profesionals-emrpeses-construccio-barcelona-catalunya-junta-associats-2.jpg\" width=\"1440\" height=\"810\" alt=\"\" title=\"cambra-profesionals-emrpeses-construccio-barcelona-catalunya-junta-associats 2\" aria-label=\"cambra-profesionals-emrpeses-construccio-barcelona-catalunya-junta-associats 2\" class=\"img-responsive wp-image-139\" srcset=\"https:\/\/cambraprofessional.org\/wp-content\/uploads\/2020\/03\/cambra-profesionals-emrpeses-construccio-barcelona-catalunya-junta-associats-2-200x113.jpg 200w, https:\/\/cambraprofessional.org\/wp-content\/uploads\/2020\/03\/cambra-profesionals-emrpeses-construccio-barcelona-catalunya-junta-associats-2-400x225.jpg 400w, https:\/\/cambraprofessional.org\/wp-content\/uploads\/2020\/03\/cambra-profesionals-emrpeses-construccio-barcelona-catalunya-junta-associats-2-600x338.jpg 600w, https:\/\/cambraprofessional.org\/wp-content\/uploads\/2020\/03\/cambra-profesionals-emrpeses-construccio-barcelona-catalunya-junta-associats-2-800x450.jpg 800w, https:\/\/cambraprofessional.org\/wp-content\/uploads\/2020\/03\/cambra-profesionals-emrpeses-construccio-barcelona-catalunya-junta-associats-2-1200x675.jpg 1200w, https:\/\/cambraprofessional.org\/wp-content\/uploads\/2020\/03\/cambra-profesionals-emrpeses-construccio-barcelona-catalunya-junta-associats-2.jpg 1440w\" sizes=\"(min-width: 2200px) 100vw, (min-width: 712px) 638px, (min-width: 640px) 712px, \" \/><\/a><\/div><\/div><div class=\"clearfix\"><\/div><div style=\"padding:5px;\" class=\"fusion-grid-column fusion-gallery-column fusion-gallery-column-2 hover-type-none\"><div class=\"fusion-gallery-image\"><a href=\"https:\/\/cambraprofessional.org\/wp-content\/uploads\/2020\/03\/cambra-profesionals-emrpeses-construccio-barcelona-catalunya-junta-associats-5.jpg\" rel=\"noreferrer\" data-rel=\"iLightbox[gallery_image_1]\" class=\"fusion-lightbox\" target=\"_self\"><img decoding=\"async\" src=\"https:\/\/cambraprofessional.org\/wp-content\/uploads\/2020\/03\/cambra-profesionals-emrpeses-construccio-barcelona-catalunya-junta-associats-5.jpg\" width=\"1440\" height=\"810\" alt=\"\" title=\"cambra-profesionals-emrpeses-construccio-barcelona-catalunya-junta-associats 5\" aria-label=\"cambra-profesionals-emrpeses-construccio-barcelona-catalunya-junta-associats 5\" class=\"img-responsive wp-image-142\" srcset=\"https:\/\/cambraprofessional.org\/wp-content\/uploads\/2020\/03\/cambra-profesionals-emrpeses-construccio-barcelona-catalunya-junta-associats-5-200x113.jpg 200w, https:\/\/cambraprofessional.org\/wp-content\/uploads\/2020\/03\/cambra-profesionals-emrpeses-construccio-barcelona-catalunya-junta-associats-5-400x225.jpg 400w, https:\/\/cambraprofessional.org\/wp-content\/uploads\/2020\/03\/cambra-profesionals-emrpeses-construccio-barcelona-catalunya-junta-associats-5-600x338.jpg 600w, https:\/\/cambraprofessional.org\/wp-content\/uploads\/2020\/03\/cambra-profesionals-emrpeses-construccio-barcelona-catalunya-junta-associats-5-800x450.jpg 800w, https:\/\/cambraprofessional.org\/wp-content\/uploads\/2020\/03\/cambra-profesionals-emrpeses-construccio-barcelona-catalunya-junta-associats-5-1200x675.jpg 1200w, https:\/\/cambraprofessional.org\/wp-content\/uploads\/2020\/03\/cambra-profesionals-emrpeses-construccio-barcelona-catalunya-junta-associats-5.jpg 1440w\" sizes=\"(min-width: 2200px) 100vw, (min-width: 712px) 638px, (min-width: 640px) 712px, \" \/><\/a><\/div><\/div><div style=\"padding:5px;\" class=\"fusion-grid-column fusion-gallery-column fusion-gallery-column-2 hover-type-none\"><div class=\"fusion-gallery-image\"><a href=\"https:\/\/cambraprofessional.org\/wp-content\/uploads\/2020\/03\/cambra-profesionals-emrpeses-construccio-barcelona-catalunya-junta-associats-6.jpg\" rel=\"noreferrer\" data-rel=\"iLightbox[gallery_image_1]\" class=\"fusion-lightbox\" target=\"_self\"><img decoding=\"async\" src=\"https:\/\/cambraprofessional.org\/wp-content\/uploads\/2020\/03\/cambra-profesionals-emrpeses-construccio-barcelona-catalunya-junta-associats-6.jpg\" width=\"1440\" height=\"810\" alt=\"\" title=\"cambra-profesionals-emrpeses-construccio-barcelona-catalunya-junta-associats 6\" aria-label=\"cambra-profesionals-emrpeses-construccio-barcelona-catalunya-junta-associats 6\" class=\"img-responsive wp-image-143\" srcset=\"https:\/\/cambraprofessional.org\/wp-content\/uploads\/2020\/03\/cambra-profesionals-emrpeses-construccio-barcelona-catalunya-junta-associats-6-200x113.jpg 200w, https:\/\/cambraprofessional.org\/wp-content\/uploads\/2020\/03\/cambra-profesionals-emrpeses-construccio-barcelona-catalunya-junta-associats-6-400x225.jpg 400w, https:\/\/cambraprofessional.org\/wp-content\/uploads\/2020\/03\/cambra-profesionals-emrpeses-construccio-barcelona-catalunya-junta-associats-6-600x338.jpg 600w, https:\/\/cambraprofessional.org\/wp-content\/uploads\/2020\/03\/cambra-profesionals-emrpeses-construccio-barcelona-catalunya-junta-associats-6-800x450.jpg 800w, https:\/\/cambraprofessional.org\/wp-content\/uploads\/2020\/03\/cambra-profesionals-emrpeses-construccio-barcelona-catalunya-junta-associats-6-1200x675.jpg 1200w, https:\/\/cambraprofessional.org\/wp-content\/uploads\/2020\/03\/cambra-profesionals-emrpeses-construccio-barcelona-catalunya-junta-associats-6.jpg 1440w\" sizes=\"(min-width: 2200px) 100vw, (min-width: 712px) 638px, (min-width: 640px) 712px, \" \/><\/a><\/div><\/div><div class=\"clearfix\"><\/div><\/div><\/div><div class=\"fusion-clearfix\"><\/div><\/div><\/div><\/div><\/div><div class=\"fusion-fullwidth fullwidth-box fusion-builder-row-2 fusion-flex-container nonhundred-percent-fullwidth non-hundred-percent-height-scrolling\" style=\"--awb-border-radius-top-left:0px;--awb-border-radius-top-right:0px;--awb-border-radius-bottom-right:0px;--awb-border-radius-bottom-left:0px;--awb-padding-top:6%;--awb-padding-bottom:6%;--awb-flex-wrap:wrap;\" ><div class=\"fusion-builder-row fusion-row fusion-flex-align-items-flex-start fusion-flex-content-wrap\" style=\"max-width:1331.2px;margin-left: calc(-4% \/ 2 );margin-right: calc(-4% \/ 2 );\"><div class=\"fusion-layout-column fusion_builder_column fusion-builder-column-2 fusion_builder_column_1_3 1_3 fusion-flex-column\" style=\"--awb-padding-top:50px;--awb-padding-right:3%;--awb-padding-bottom:50px;--awb-padding-left:3%;--awb-overflow:hidden;--awb-bg-size:cover;--awb-box-shadow:5px 3px 7px 10px #e2e2e2;;--awb-border-color:#adb38f;--awb-border-top:3px;--awb-border-right:0;--awb-border-bottom:0;--awb-border-left:0;--awb-border-style:solid;--awb-border-radius:7px 7px 7px 7px;--awb-width-large:33.333333333333%;--awb-margin-top-large:0px;--awb-spacing-right-large:5.76%;--awb-margin-bottom-large:20px;--awb-spacing-left-large:5.76%;--awb-width-medium:100%;--awb-order-medium:0;--awb-spacing-right-medium:1.92%;--awb-spacing-left-medium:1.92%;--awb-width-small:100%;--awb-order-small:0;--awb-spacing-right-small:1.92%;--awb-spacing-left-small:1.92%;\"><div class=\"fusion-column-wrapper fusion-column-has-shadow fusion-flex-justify-content-flex-start fusion-content-layout-column\"><i class=\"fb-icon-element-1 fb-icon-element fontawesome-icon fa-file-signature fas circle-yes\" style=\"--awb-circlebordersize:1px;--awb-font-size:28.16px;--awb-width:56.32px;--awb-height:56.32px;--awb-line-height:54.32px;--awb-margin-top:0;--awb-margin-right:0;--awb-margin-bottom:0;--awb-margin-left:0;--awb-align-self:center;\"><\/i><div class=\"fusion-separator fusion-full-width-sep\" style=\"align-self: center;margin-left: auto;margin-right: auto;margin-top:30px;margin-bottom:20px;width:100%;\"><\/div><div style=\"text-align:center;\"><a class=\"fusion-button button-flat fusion-button-default-size button-default fusion-button-default button-1 fusion-button-default-span fusion-button-default-type\" target=\"_self\" href=\"https:\/\/cambraprofessional.org\/es\/hacerse-socio\/\"><span class=\"fusion-button-text awb-button__text awb-button__text--default\">Darse de alta<\/span><\/a><\/div><\/div><\/div><div class=\"fusion-layout-column fusion_builder_column fusion-builder-column-3 fusion_builder_column_1_3 1_3 fusion-flex-column\" style=\"--awb-padding-top:50px;--awb-padding-right:3%;--awb-padding-bottom:50px;--awb-padding-left:3%;--awb-overflow:hidden;--awb-bg-size:cover;--awb-box-shadow:5px 3px 7px 10px #e2e2e2;;--awb-border-color:#adb38f;--awb-border-top:3px;--awb-border-right:0;--awb-border-bottom:0;--awb-border-left:0;--awb-border-style:solid;--awb-border-radius:7px 7px 7px 7px;--awb-width-large:33.333333333333%;--awb-margin-top-large:0px;--awb-spacing-right-large:5.76%;--awb-margin-bottom-large:20px;--awb-spacing-left-large:5.76%;--awb-width-medium:100%;--awb-order-medium:0;--awb-spacing-right-medium:1.92%;--awb-spacing-left-medium:1.92%;--awb-width-small:100%;--awb-order-small:0;--awb-spacing-right-small:1.92%;--awb-spacing-left-small:1.92%;\"><div class=\"fusion-column-wrapper fusion-column-has-shadow fusion-flex-justify-content-flex-start fusion-content-layout-column\"><i class=\"fb-icon-element-2 fb-icon-element fontawesome-icon fa-pencil-ruler fas circle-yes\" style=\"--awb-circlebordersize:1px;--awb-font-size:28.16px;--awb-width:56.32px;--awb-height:56.32px;--awb-line-height:54.32px;--awb-margin-top:0;--awb-margin-right:0;--awb-margin-bottom:0;--awb-margin-left:0;--awb-align-self:center;\"><\/i><div class=\"fusion-separator fusion-full-width-sep\" style=\"align-self: center;margin-left: auto;margin-right: auto;margin-top:30px;margin-bottom:20px;width:100%;\"><\/div><div style=\"text-align:center;\"><a class=\"fusion-button button-flat fusion-button-default-size button-default fusion-button-default button-2 fusion-button-default-span fusion-button-default-type\" target=\"_self\" href=\"http:\/\/cambraprofessional.org\/projectes-dels-associats\/\"><span class=\"fusion-button-text awb-button__text awb-button__text--default\">Ofertas y servicios<\/span><\/a><\/div><\/div><\/div><div class=\"fusion-layout-column fusion_builder_column fusion-builder-column-4 fusion_builder_column_1_3 1_3 fusion-flex-column\" style=\"--awb-padding-top:50px;--awb-padding-right:3%;--awb-padding-bottom:50px;--awb-padding-left:3%;--awb-overflow:hidden;--awb-bg-size:cover;--awb-box-shadow:5px 3px 7px 10px #e2e2e2;;--awb-border-color:#adb38f;--awb-border-top:3px;--awb-border-right:0;--awb-border-bottom:0;--awb-border-left:0;--awb-border-style:solid;--awb-border-radius:7px 7px 7px 7px;--awb-width-large:33.333333333333%;--awb-margin-top-large:0px;--awb-spacing-right-large:5.76%;--awb-margin-bottom-large:20px;--awb-spacing-left-large:5.76%;--awb-width-medium:100%;--awb-order-medium:0;--awb-spacing-right-medium:1.92%;--awb-spacing-left-medium:1.92%;--awb-width-small:100%;--awb-order-small:0;--awb-spacing-right-small:1.92%;--awb-spacing-left-small:1.92%;\"><div class=\"fusion-column-wrapper fusion-column-has-shadow fusion-flex-justify-content-flex-start fusion-content-layout-column\"><i class=\"fb-icon-element-3 fb-icon-element fontawesome-icon fa-user-friends fas circle-yes\" style=\"--awb-circlebordersize:1px;--awb-font-size:28.16px;--awb-width:56.32px;--awb-height:56.32px;--awb-line-height:54.32px;--awb-margin-top:0;--awb-margin-right:0;--awb-margin-bottom:0;--awb-margin-left:0;--awb-align-self:center;\"><\/i><div class=\"fusion-separator fusion-full-width-sep\" style=\"align-self: center;margin-left: auto;margin-right: auto;margin-top:30px;margin-bottom:20px;width:100%;\"><\/div><div style=\"text-align:center;\"><a class=\"fusion-button button-flat fusion-button-default-size button-default fusion-button-default button-3 fusion-button-default-span fusion-button-default-type\" target=\"_self\" href=\"https:\/\/cambraprofessional.org\/es\/contacto\/\"><span class=\"fusion-button-text awb-button__text awb-button__text--default\">Colaborar<\/span><\/a><\/div><\/div><\/div><\/div><\/div><\/p>\n","protected":false},"excerpt":{"rendered":"","protected":false},"author":1,"featured_media":0,"parent":0,"menu_order":0,"comment_status":"closed","ping_status":"closed","template":"100-width.php","meta":{"footnotes":""},"class_list":["post-1038","page","type-page","status-publish","hentry"],"yoast_head":"<!-- This site is optimized with the Yoast SEO plugin v26.8 - https:\/\/yoast.com\/product\/yoast-seo-wordpress\/ -->\n<title>Inicio &#8226; Cambra Professional<\/title>\n<meta name=\"description\" content=\"La Cambra d\u2019Empreses de Serveis Professionals a la Construcci\u00f3 es una organizaci\u00f3n empresarial. Sus socios son despachos Arquitectura y de la Ingenier\u00eda.\" \/>\n<meta name=\"robots\" content=\"index, follow, max-snippet:-1, max-image-preview:large, max-video-preview:-1\" \/>\n<link rel=\"canonical\" href=\"https:\/\/cambraprofessional.org\/es\/\" \/>\n<meta property=\"og:locale\" content=\"es_ES\" \/>\n<meta property=\"og:type\" content=\"article\" \/>\n<meta property=\"og:title\" content=\"Inicio &#8226; Cambra Professional\" \/>\n<meta property=\"og:description\" content=\"La Cambra d\u2019Empreses de Serveis Professionals a la Construcci\u00f3 es una organizaci\u00f3n empresarial. Sus socios son despachos Arquitectura y de la Ingenier\u00eda.\" \/>\n<meta property=\"og:url\" content=\"https:\/\/cambraprofessional.org\/es\/\" \/>\n<meta property=\"og:site_name\" content=\"Cambra Professional\" \/>\n<meta property=\"article:modified_time\" content=\"2025-11-17T18:29:23+00:00\" \/>\n<meta name=\"twitter:card\" content=\"summary_large_image\" \/>\n<meta name=\"twitter:site\" content=\"@Cambra_Empreses\" \/>\n<meta name=\"twitter:label1\" content=\"Tiempo de lectura\" \/>\n\t<meta name=\"twitter:data1\" content=\"2 minutos\" \/>\n<script type=\"application\/ld+json\" class=\"yoast-schema-graph\">{\"@context\":\"https:\/\/schema.org\",\"@graph\":[{\"@type\":\"WebPage\",\"@id\":\"https:\/\/cambraprofessional.org\/es\/\",\"url\":\"https:\/\/cambraprofessional.org\/es\/\",\"name\":\"Inicio &#8226; Cambra Professional\",\"isPartOf\":{\"@id\":\"https:\/\/cambraprofessional.org\/es\/#website\"},\"datePublished\":\"2021-04-29T09:59:17+00:00\",\"dateModified\":\"2025-11-17T18:29:23+00:00\",\"description\":\"La Cambra d\u2019Empreses de Serveis Professionals a la Construcci\u00f3 es una organizaci\u00f3n empresarial. Sus socios son despachos Arquitectura y de la Ingenier\u00eda.\",\"breadcrumb\":{\"@id\":\"https:\/\/cambraprofessional.org\/es\/#breadcrumb\"},\"inLanguage\":\"es\",\"potentialAction\":[{\"@type\":\"ReadAction\",\"target\":[\"https:\/\/cambraprofessional.org\/es\/\"]}]},{\"@type\":\"BreadcrumbList\",\"@id\":\"https:\/\/cambraprofessional.org\/es\/#breadcrumb\",\"itemListElement\":[{\"@type\":\"ListItem\",\"position\":1,\"name\":\"Inici\",\"item\":\"https:\/\/cambraprofessional.org\/es\/\"},{\"@type\":\"ListItem\",\"position\":2,\"name\":\"Inicio\"}]},{\"@type\":\"WebSite\",\"@id\":\"https:\/\/cambraprofessional.org\/es\/#website\",\"url\":\"https:\/\/cambraprofessional.org\/es\/\",\"name\":\"Cambra d&#039;Empreses\",\"description\":\"Serveis Professionals a la Construcci\u00f3 Catalunya\",\"publisher\":{\"@id\":\"https:\/\/cambraprofessional.org\/es\/#organization\"},\"potentialAction\":[{\"@type\":\"SearchAction\",\"target\":{\"@type\":\"EntryPoint\",\"urlTemplate\":\"https:\/\/cambraprofessional.org\/es\/?s={search_term_string}\"},\"query-input\":{\"@type\":\"PropertyValueSpecification\",\"valueRequired\":true,\"valueName\":\"search_term_string\"}}],\"inLanguage\":\"es\"},{\"@type\":\"Organization\",\"@id\":\"https:\/\/cambraprofessional.org\/es\/#organization\",\"name\":\"Cambra d'Empreses, Serveis Professionals a la Construcci\u00f3 Catalunya\",\"url\":\"https:\/\/cambraprofessional.org\/es\/\",\"logo\":{\"@type\":\"ImageObject\",\"inLanguage\":\"es\",\"@id\":\"https:\/\/cambraprofessional.org\/es\/#\/schema\/logo\/image\/\",\"url\":\"https:\/\/cambraprofessional.org\/wp-content\/uploads\/2020\/11\/300-logo-cambra-professionals-barcelona-construccion-arquitectura.jpg\",\"contentUrl\":\"https:\/\/cambraprofessional.org\/wp-content\/uploads\/2020\/11\/300-logo-cambra-professionals-barcelona-construccion-arquitectura.jpg\",\"width\":300,\"height\":100,\"caption\":\"Cambra d'Empreses, Serveis Professionals a la Construcci\u00f3 Catalunya\"},\"image\":{\"@id\":\"https:\/\/cambraprofessional.org\/es\/#\/schema\/logo\/image\/\"},\"sameAs\":[\"https:\/\/x.com\/Cambra_Empreses\",\"https:\/\/www.linkedin.com\/in\/cambraprofessional\/\"]}]}<\/script>\n<!-- \/ Yoast SEO plugin. -->","yoast_head_json":{"title":"Inicio &#8226; Cambra Professional","description":"La Cambra d\u2019Empreses de Serveis Professionals a la Construcci\u00f3 es una organizaci\u00f3n empresarial. Sus socios son despachos Arquitectura y de la Ingenier\u00eda.","robots":{"index":"index","follow":"follow","max-snippet":"max-snippet:-1","max-image-preview":"max-image-preview:large","max-video-preview":"max-video-preview:-1"},"canonical":"https:\/\/cambraprofessional.org\/es\/","og_locale":"es_ES","og_type":"article","og_title":"Inicio &#8226; Cambra Professional","og_description":"La Cambra d\u2019Empreses de Serveis Professionals a la Construcci\u00f3 es una organizaci\u00f3n empresarial. Sus socios son despachos Arquitectura y de la Ingenier\u00eda.","og_url":"https:\/\/cambraprofessional.org\/es\/","og_site_name":"Cambra Professional","article_modified_time":"2025-11-17T18:29:23+00:00","twitter_card":"summary_large_image","twitter_site":"@Cambra_Empreses","twitter_misc":{"Tiempo de lectura":"2 minutos"},"schema":{"@context":"https:\/\/schema.org","@graph":[{"@type":"WebPage","@id":"https:\/\/cambraprofessional.org\/es\/","url":"https:\/\/cambraprofessional.org\/es\/","name":"Inicio &#8226; Cambra Professional","isPartOf":{"@id":"https:\/\/cambraprofessional.org\/es\/#website"},"datePublished":"2021-04-29T09:59:17+00:00","dateModified":"2025-11-17T18:29:23+00:00","description":"La Cambra d\u2019Empreses de Serveis Professionals a la Construcci\u00f3 es una organizaci\u00f3n empresarial. Sus socios son despachos Arquitectura y de la Ingenier\u00eda.","breadcrumb":{"@id":"https:\/\/cambraprofessional.org\/es\/#breadcrumb"},"inLanguage":"es","potentialAction":[{"@type":"ReadAction","target":["https:\/\/cambraprofessional.org\/es\/"]}]},{"@type":"BreadcrumbList","@id":"https:\/\/cambraprofessional.org\/es\/#breadcrumb","itemListElement":[{"@type":"ListItem","position":1,"name":"Inici","item":"https:\/\/cambraprofessional.org\/es\/"},{"@type":"ListItem","position":2,"name":"Inicio"}]},{"@type":"WebSite","@id":"https:\/\/cambraprofessional.org\/es\/#website","url":"https:\/\/cambraprofessional.org\/es\/","name":"Cambra d&#039;Empreses","description":"Serveis Professionals a la Construcci\u00f3 Catalunya","publisher":{"@id":"https:\/\/cambraprofessional.org\/es\/#organization"},"potentialAction":[{"@type":"SearchAction","target":{"@type":"EntryPoint","urlTemplate":"https:\/\/cambraprofessional.org\/es\/?s={search_term_string}"},"query-input":{"@type":"PropertyValueSpecification","valueRequired":true,"valueName":"search_term_string"}}],"inLanguage":"es"},{"@type":"Organization","@id":"https:\/\/cambraprofessional.org\/es\/#organization","name":"Cambra d'Empreses, Serveis Professionals a la Construcci\u00f3 Catalunya","url":"https:\/\/cambraprofessional.org\/es\/","logo":{"@type":"ImageObject","inLanguage":"es","@id":"https:\/\/cambraprofessional.org\/es\/#\/schema\/logo\/image\/","url":"https:\/\/cambraprofessional.org\/wp-content\/uploads\/2020\/11\/300-logo-cambra-professionals-barcelona-construccion-arquitectura.jpg","contentUrl":"https:\/\/cambraprofessional.org\/wp-content\/uploads\/2020\/11\/300-logo-cambra-professionals-barcelona-construccion-arquitectura.jpg","width":300,"height":100,"caption":"Cambra d'Empreses, Serveis Professionals a la Construcci\u00f3 Catalunya"},"image":{"@id":"https:\/\/cambraprofessional.org\/es\/#\/schema\/logo\/image\/"},"sameAs":["https:\/\/x.com\/Cambra_Empreses","https:\/\/www.linkedin.com\/in\/cambraprofessional\/"]}]}},"_links":{"self":[{"href":"https:\/\/cambraprofessional.org\/es\/wp-json\/wp\/v2\/pages\/1038","targetHints":{"allow":["GET"]}}],"collection":[{"href":"https:\/\/cambraprofessional.org\/es\/wp-json\/wp\/v2\/pages"}],"about":[{"href":"https:\/\/cambraprofessional.org\/es\/wp-json\/wp\/v2\/types\/page"}],"author":[{"embeddable":true,"href":"https:\/\/cambraprofessional.org\/es\/wp-json\/wp\/v2\/users\/1"}],"replies":[{"embeddable":true,"href":"https:\/\/cambraprofessional.org\/es\/wp-json\/wp\/v2\/comments?post=1038"}],"version-history":[{"count":0,"href":"https:\/\/cambraprofessional.org\/es\/wp-json\/wp\/v2\/pages\/1038\/revisions"}],"wp:attachment":[{"href":"https:\/\/cambraprofessional.org\/es\/wp-json\/wp\/v2\/media?parent=1038"}],"curies":[{"name":"wp","href":"https:\/\/api.w.org\/{rel}","templated":true}]}}