{"id":1174,"date":"2021-05-08T16:35:11","date_gmt":"2021-05-08T14:35:11","guid":{"rendered":"https:\/\/cambraprofessional.org\/?page_id=1174"},"modified":"2025-05-27T18:45:54","modified_gmt":"2025-05-27T16:45:54","slug":"members-of","status":"publish","type":"page","link":"https:\/\/cambraprofessional.org\/en\/members-of\/","title":{"rendered":"Members of"},"content":{"rendered":"<p><div class=\"fusion-fullwidth fullwidth-box fusion-builder-row-1 nonhundred-percent-fullwidth non-hundred-percent-height-scrolling\" style=\"--awb-border-radius-top-left:0px;--awb-border-radius-top-right:0px;--awb-border-radius-bottom-right:0px;--awb-border-radius-bottom-left:0px;--awb-flex-wrap:wrap;\" ><div class=\"fusion-builder-row fusion-row\"><div class=\"fusion-layout-column fusion_builder_column fusion-builder-column-0 fusion_builder_column_1_3 1_3 fusion-one-third fusion-column-first\" style=\"--awb-bg-size:cover;width:33.333333333333%;width:calc(33.333333333333% - ( ( 4% + 4% ) * 0.33333333333333 ) );margin-right: 4%;\"><div class=\"fusion-column-wrapper fusion-column-has-shadow fusion-flex-column-wrapper-legacy\"><div class=\"fusion-image-element fusion-image-align-center in-legacy-container\" style=\"text-align:center;--awb-caption-title-font-family:var(--h2_typography-font-family);--awb-caption-title-font-weight:var(--h2_typography-font-weight);--awb-caption-title-font-style:var(--h2_typography-font-style);--awb-caption-title-size:var(--h2_typography-font-size);--awb-caption-title-transform:var(--h2_typography-text-transform);--awb-caption-title-line-height:var(--h2_typography-line-height);--awb-caption-title-letter-spacing:var(--h2_typography-letter-spacing);\"><div class=\"imageframe-align-center\"><span class=\" fusion-imageframe imageframe-none imageframe-1 hover-type-none\"><img decoding=\"async\" width=\"262\" height=\"91\" title=\"gixsu-barcelona-sostenibilidad.cambra-professionals\" src=\"http:\/\/cambraprofessional.org\/wp-content\/uploads\/2020\/07\/gixsu-barcelona-sostenibilidad.cambra-professionals.png\" alt class=\"img-responsive wp-image-1175\" srcset=\"https:\/\/cambraprofessional.org\/wp-content\/uploads\/2020\/07\/gixsu-barcelona-sostenibilidad.cambra-professionals-200x69.png 200w, https:\/\/cambraprofessional.org\/wp-content\/uploads\/2020\/07\/gixsu-barcelona-sostenibilidad.cambra-professionals.png 262w\" sizes=\"(max-width: 800px) 100vw, 262px\" \/><\/span><\/div><\/div><div class=\"fusion-text fusion-text-1\"><p style=\"text-align: center;\">Grup d&#8217;Inter\u00e8s per la Sostenibilitat Urbana<\/p>\n<\/div><div class=\"fusion-clearfix\"><\/div><\/div><\/div><div class=\"fusion-layout-column fusion_builder_column fusion-builder-column-1 fusion_builder_column_1_3 1_3 fusion-one-third\" style=\"--awb-bg-size:cover;width:33.333333333333%;width:calc(33.333333333333% - ( ( 4% + 4% ) * 0.33333333333333 ) );margin-right: 4%;\"><div class=\"fusion-column-wrapper fusion-column-has-shadow fusion-flex-column-wrapper-legacy\"><div class=\"fusion-image-element fusion-image-align-center in-legacy-container\" style=\"text-align:center;--awb-caption-title-font-family:var(--h2_typography-font-family);--awb-caption-title-font-weight:var(--h2_typography-font-weight);--awb-caption-title-font-style:var(--h2_typography-font-style);--awb-caption-title-size:var(--h2_typography-font-size);--awb-caption-title-transform:var(--h2_typography-text-transform);--awb-caption-title-line-height:var(--h2_typography-line-height);--awb-caption-title-letter-spacing:var(--h2_typography-letter-spacing);\"><div class=\"imageframe-align-center\"><span class=\" fusion-imageframe imageframe-none imageframe-2 hover-type-none\"><img decoding=\"async\" width=\"262\" height=\"91\" title=\"federacio-catala-comerc-industrial-cambra-professionals-barcelona\" src=\"http:\/\/cambraprofessional.org\/wp-content\/uploads\/2020\/07\/federacio-catala-comerc-industrial-cambra-professionals-barcelona.png\" alt class=\"img-responsive wp-image-1176\" srcset=\"https:\/\/cambraprofessional.org\/wp-content\/uploads\/2020\/07\/federacio-catala-comerc-industrial-cambra-professionals-barcelona-200x69.png 200w, https:\/\/cambraprofessional.org\/wp-content\/uploads\/2020\/07\/federacio-catala-comerc-industrial-cambra-professionals-barcelona.png 262w\" sizes=\"(max-width: 800px) 100vw, 262px\" \/><\/span><\/div><\/div><div class=\"fusion-text fusion-text-2\"><p style=\"text-align: center;\"><a href=\"https:\/\/www.fecocat.cat\/\" target=\"_blank\" rel=\"noopener noreferrer\">Federaci\u00f3 Catalana de la Ind\u00fastria, el Comer\u00e7 i els Serveis de la Construcci\u00f3<\/a><\/p>\n<\/div><div class=\"fusion-clearfix\"><\/div><\/div><\/div><div class=\"fusion-layout-column fusion_builder_column fusion-builder-column-2 fusion_builder_column_1_3 1_3 fusion-one-third fusion-column-last\" style=\"--awb-bg-size:cover;width:33.333333333333%;width:calc(33.333333333333% - ( ( 4% + 4% ) * 0.33333333333333 ) );\"><div class=\"fusion-column-wrapper fusion-column-has-shadow fusion-flex-column-wrapper-legacy\"><div class=\"fusion-image-element fusion-image-align-center in-legacy-container\" style=\"text-align:center;--awb-caption-title-font-family:var(--h2_typography-font-family);--awb-caption-title-font-weight:var(--h2_typography-font-weight);--awb-caption-title-font-style:var(--h2_typography-font-style);--awb-caption-title-size:var(--h2_typography-font-size);--awb-caption-title-transform:var(--h2_typography-text-transform);--awb-caption-title-line-height:var(--h2_typography-line-height);--awb-caption-title-letter-spacing:var(--h2_typography-letter-spacing);\"><div class=\"imageframe-align-center\"><span class=\" fusion-imageframe imageframe-none imageframe-3 hover-type-none\"><img decoding=\"async\" width=\"262\" height=\"91\" title=\"obra-rgeabilitacio-arquitecture-barcelona-cambra\" src=\"http:\/\/cambraprofessional.org\/wp-content\/uploads\/2020\/07\/obra-rgeabilitacio-arquitecture-barcelona-cambra.png\" alt class=\"img-responsive wp-image-1177\" srcset=\"https:\/\/cambraprofessional.org\/wp-content\/uploads\/2020\/07\/obra-rgeabilitacio-arquitecture-barcelona-cambra-200x69.png 200w, https:\/\/cambraprofessional.org\/wp-content\/uploads\/2020\/07\/obra-rgeabilitacio-arquitecture-barcelona-cambra.png 262w\" sizes=\"(max-width: 800px) 100vw, 262px\" \/><\/span><\/div><\/div><div class=\"fusion-text fusion-text-3\"><p style=\"text-align: center;\"><a href=\"https:\/\/www.obrabcn.cat\/\" target=\"_blank\" rel=\"noopener noreferrer\">OBRA Observatori de Barcelona per la Rehabilitaci\u00f3 Arquitect\u00f2nica<\/a><\/p>\n<\/div><div class=\"fusion-clearfix\"><\/div><\/div><\/div><\/div><\/div><div class=\"fusion-fullwidth fullwidth-box fusion-builder-row-2 nonhundred-percent-fullwidth non-hundred-percent-height-scrolling\" style=\"--awb-border-radius-top-left:0px;--awb-border-radius-top-right:0px;--awb-border-radius-bottom-right:0px;--awb-border-radius-bottom-left:0px;--awb-flex-wrap:wrap;\" ><div class=\"fusion-builder-row fusion-row\"><div class=\"fusion-layout-column fusion_builder_column fusion-builder-column-3 fusion_builder_column_1_1 1_1 fusion-one-full fusion-column-first fusion-column-last\" style=\"--awb-bg-size:cover;\"><div class=\"fusion-column-wrapper fusion-column-has-shadow fusion-flex-column-wrapper-legacy\"><div class=\"fusion-sep-clear\"><\/div><div class=\"fusion-separator\" style=\"margin-left: auto;margin-right: auto;margin-top:30px;margin-bottom:30px;width:100%;max-width:250px;\"><div class=\"fusion-separator-border sep-single sep-solid\" style=\"--awb-height:20px;--awb-amount:20px;border-color:#e0dede;border-top-width:2px;\"><\/div><\/div><div class=\"fusion-sep-clear\"><\/div><div class=\"fusion-clearfix\"><\/div><\/div><\/div><\/div><\/div><div class=\"fusion-fullwidth fullwidth-box fusion-builder-row-3 nonhundred-percent-fullwidth non-hundred-percent-height-scrolling\" style=\"--awb-border-radius-top-left:0px;--awb-border-radius-top-right:0px;--awb-border-radius-bottom-right:0px;--awb-border-radius-bottom-left:0px;--awb-flex-wrap:wrap;\" ><div class=\"fusion-builder-row fusion-row\"><div class=\"fusion-layout-column fusion_builder_column fusion-builder-column-4 fusion_builder_column_1_3 1_3 fusion-one-third fusion-column-first\" style=\"--awb-bg-size:cover;width:33.333333333333%;width:calc(33.333333333333% - ( ( 4% + 4% ) * 0.33333333333333 ) );margin-right: 4%;\"><div class=\"fusion-column-wrapper fusion-column-has-shadow fusion-flex-column-wrapper-legacy\"><div class=\"fusion-image-element fusion-image-align-center in-legacy-container\" style=\"text-align:center;--awb-caption-title-font-family:var(--h2_typography-font-family);--awb-caption-title-font-weight:var(--h2_typography-font-weight);--awb-caption-title-font-style:var(--h2_typography-font-style);--awb-caption-title-size:var(--h2_typography-font-size);--awb-caption-title-transform:var(--h2_typography-text-transform);--awb-caption-title-line-height:var(--h2_typography-line-height);--awb-caption-title-letter-spacing:var(--h2_typography-letter-spacing);\"><div class=\"imageframe-align-center\"><span class=\" fusion-imageframe imageframe-none imageframe-4 hover-type-none\"><img decoding=\"async\" width=\"262\" height=\"91\" title=\"itec-cambra-memvber-barcelona\" src=\"http:\/\/cambraprofessional.org\/wp-content\/uploads\/2020\/07\/itec-cambra-memvber-barcelona.png\" alt class=\"img-responsive wp-image-1178\" srcset=\"https:\/\/cambraprofessional.org\/wp-content\/uploads\/2020\/07\/itec-cambra-memvber-barcelona-200x69.png 200w, https:\/\/cambraprofessional.org\/wp-content\/uploads\/2020\/07\/itec-cambra-memvber-barcelona.png 262w\" sizes=\"(max-width: 800px) 100vw, 262px\" \/><\/span><\/div><\/div><div class=\"fusion-text fusion-text-4\"><p style=\"text-align: center;\"><a href=\"https:\/\/itec.cat\/\" target=\"_blank\" rel=\"noopener noreferrer\">ITeC<\/a><\/p>\n<\/div><div class=\"fusion-clearfix\"><\/div><\/div><\/div><div class=\"fusion-layout-column fusion_builder_column fusion-builder-column-5 fusion_builder_column_1_3 1_3 fusion-one-third\" style=\"--awb-bg-size:cover;width:33.333333333333%;width:calc(33.333333333333% - ( ( 4% + 4% ) * 0.33333333333333 ) );margin-right: 4%;\"><div class=\"fusion-column-wrapper fusion-column-has-shadow fusion-flex-column-wrapper-legacy\"><div class=\"fusion-image-element fusion-image-align-center in-legacy-container\" style=\"text-align:center;--awb-max-width:250px;--awb-caption-title-font-family:var(--h2_typography-font-family);--awb-caption-title-font-weight:var(--h2_typography-font-weight);--awb-caption-title-font-style:var(--h2_typography-font-style);--awb-caption-title-size:var(--h2_typography-font-size);--awb-caption-title-transform:var(--h2_typography-text-transform);--awb-caption-title-line-height:var(--h2_typography-line-height);--awb-caption-title-letter-spacing:var(--h2_typography-letter-spacing);\"><div class=\"imageframe-align-center\"><span class=\" fusion-imageframe imageframe-none imageframe-5 hover-type-none\"><img decoding=\"async\" width=\"742\" height=\"251\" alt=\"Pimec\" title=\"Pimec\" src=\"https:\/\/cambraprofessional.org\/wp-content\/uploads\/2025\/05\/Pimec.jpg\" class=\"img-responsive wp-image-2109\" srcset=\"https:\/\/cambraprofessional.org\/wp-content\/uploads\/2025\/05\/Pimec-200x68.jpg 200w, https:\/\/cambraprofessional.org\/wp-content\/uploads\/2025\/05\/Pimec-400x135.jpg 400w, https:\/\/cambraprofessional.org\/wp-content\/uploads\/2025\/05\/Pimec-600x203.jpg 600w, https:\/\/cambraprofessional.org\/wp-content\/uploads\/2025\/05\/Pimec.jpg 742w\" sizes=\"(max-width: 800px) 100vw, 400px\" \/><\/span><\/div><\/div><div class=\"fusion-text fusion-text-5\"><p style=\"text-align: center;\"><a href=\"https:\/\/www.pimec.org\/\" target=\"_blank\" rel=\"noopener noreferrer\">PIMEC<\/a><\/p>\n<\/div><div class=\"fusion-clearfix\"><\/div><\/div><\/div><div class=\"fusion-layout-column fusion_builder_column fusion-builder-column-6 fusion_builder_column_1_3 1_3 fusion-one-third fusion-column-last\" style=\"--awb-bg-size:cover;width:33.333333333333%;width:calc(33.333333333333% - ( ( 4% + 4% ) * 0.33333333333333 ) );\"><div class=\"fusion-column-wrapper fusion-column-has-shadow fusion-flex-column-wrapper-legacy\"><div class=\"fusion-image-element fusion-image-align-center in-legacy-container\" style=\"text-align:center;--awb-caption-title-font-family:var(--h2_typography-font-family);--awb-caption-title-font-weight:var(--h2_typography-font-weight);--awb-caption-title-font-style:var(--h2_typography-font-style);--awb-caption-title-size:var(--h2_typography-font-size);--awb-caption-title-transform:var(--h2_typography-text-transform);--awb-caption-title-line-height:var(--h2_typography-line-height);--awb-caption-title-letter-spacing:var(--h2_typography-letter-spacing);\"><div class=\"imageframe-align-center\"><span class=\" fusion-imageframe imageframe-none imageframe-6 hover-type-none\"><img decoding=\"async\" width=\"262\" height=\"91\" title=\"gremi-arids-catalan-barcelona-cambra-professionals\" src=\"http:\/\/cambraprofessional.org\/wp-content\/uploads\/2020\/07\/gremi-arids-catalan-barcelona-cambra-professionals.png\" alt class=\"img-responsive wp-image-1180\" srcset=\"https:\/\/cambraprofessional.org\/wp-content\/uploads\/2020\/07\/gremi-arids-catalan-barcelona-cambra-professionals-200x69.png 200w, https:\/\/cambraprofessional.org\/wp-content\/uploads\/2020\/07\/gremi-arids-catalan-barcelona-cambra-professionals.png 262w\" sizes=\"(max-width: 800px) 100vw, 262px\" \/><\/span><\/div><\/div><div class=\"fusion-text fusion-text-6\"><p style=\"text-align: center;\"><a href=\"https:\/\/www.gremiarids.com\/\" target=\"_blank\" rel=\"noopener noreferrer\">Gremi d&#8217;\u00c0rids<\/a><\/p>\n<\/div><div class=\"fusion-clearfix\"><\/div><\/div><\/div><\/div><\/div><\/p>\n","protected":false},"excerpt":{"rendered":"","protected":false},"author":1,"featured_media":0,"parent":0,"menu_order":0,"comment_status":"closed","ping_status":"closed","template":"","meta":{"footnotes":""},"class_list":["post-1174","page","type-page","status-publish","hentry"],"yoast_head":"<!-- This site is optimized with the Yoast SEO plugin v26.8 - https:\/\/yoast.com\/product\/yoast-seo-wordpress\/ -->\n<title>Members of &#8226; Cambra Professional<\/title>\n<meta name=\"robots\" content=\"index, follow, max-snippet:-1, max-image-preview:large, max-video-preview:-1\" \/>\n<link rel=\"canonical\" href=\"https:\/\/cambraprofessional.org\/en\/members-of\/\" \/>\n<meta property=\"og:locale\" content=\"en_US\" \/>\n<meta property=\"og:type\" content=\"article\" \/>\n<meta property=\"og:title\" content=\"Members of &#8226; Cambra Professional\" \/>\n<meta property=\"og:url\" content=\"https:\/\/cambraprofessional.org\/en\/members-of\/\" \/>\n<meta property=\"og:site_name\" content=\"Cambra Professional\" \/>\n<meta property=\"article:modified_time\" content=\"2025-05-27T16:45:54+00:00\" \/>\n<meta name=\"twitter:card\" content=\"summary_large_image\" \/>\n<meta name=\"twitter:site\" content=\"@Cambra_Empreses\" \/>\n<meta name=\"twitter:label1\" content=\"Est. reading time\" \/>\n\t<meta name=\"twitter:data1\" content=\"2 minutes\" \/>\n<script type=\"application\/ld+json\" class=\"yoast-schema-graph\">{\"@context\":\"https:\/\/schema.org\",\"@graph\":[{\"@type\":\"WebPage\",\"@id\":\"https:\/\/cambraprofessional.org\/en\/members-of\/\",\"url\":\"https:\/\/cambraprofessional.org\/en\/members-of\/\",\"name\":\"Members of &#8226; Cambra Professional\",\"isPartOf\":{\"@id\":\"https:\/\/cambraprofessional.org\/en\/#website\"},\"datePublished\":\"2021-05-08T14:35:11+00:00\",\"dateModified\":\"2025-05-27T16:45:54+00:00\",\"breadcrumb\":{\"@id\":\"https:\/\/cambraprofessional.org\/en\/members-of\/#breadcrumb\"},\"inLanguage\":\"en-US\",\"potentialAction\":[{\"@type\":\"ReadAction\",\"target\":[\"https:\/\/cambraprofessional.org\/en\/members-of\/\"]}]},{\"@type\":\"BreadcrumbList\",\"@id\":\"https:\/\/cambraprofessional.org\/en\/members-of\/#breadcrumb\",\"itemListElement\":[{\"@type\":\"ListItem\",\"position\":1,\"name\":\"Inici\",\"item\":\"https:\/\/cambraprofessional.org\/en\/\"},{\"@type\":\"ListItem\",\"position\":2,\"name\":\"Members of\"}]},{\"@type\":\"WebSite\",\"@id\":\"https:\/\/cambraprofessional.org\/en\/#website\",\"url\":\"https:\/\/cambraprofessional.org\/en\/\",\"name\":\"Cambra d&#039;Empreses\",\"description\":\"Serveis Professionals a la Construcci\u00f3 Catalunya\",\"publisher\":{\"@id\":\"https:\/\/cambraprofessional.org\/en\/#organization\"},\"potentialAction\":[{\"@type\":\"SearchAction\",\"target\":{\"@type\":\"EntryPoint\",\"urlTemplate\":\"https:\/\/cambraprofessional.org\/en\/?s={search_term_string}\"},\"query-input\":{\"@type\":\"PropertyValueSpecification\",\"valueRequired\":true,\"valueName\":\"search_term_string\"}}],\"inLanguage\":\"en-US\"},{\"@type\":\"Organization\",\"@id\":\"https:\/\/cambraprofessional.org\/en\/#organization\",\"name\":\"Cambra d'Empreses, Serveis Professionals a la Construcci\u00f3 Catalunya\",\"url\":\"https:\/\/cambraprofessional.org\/en\/\",\"logo\":{\"@type\":\"ImageObject\",\"inLanguage\":\"en-US\",\"@id\":\"https:\/\/cambraprofessional.org\/en\/#\/schema\/logo\/image\/\",\"url\":\"https:\/\/cambraprofessional.org\/wp-content\/uploads\/2020\/11\/300-logo-cambra-professionals-barcelona-construccion-arquitectura.jpg\",\"contentUrl\":\"https:\/\/cambraprofessional.org\/wp-content\/uploads\/2020\/11\/300-logo-cambra-professionals-barcelona-construccion-arquitectura.jpg\",\"width\":300,\"height\":100,\"caption\":\"Cambra d'Empreses, Serveis Professionals a la Construcci\u00f3 Catalunya\"},\"image\":{\"@id\":\"https:\/\/cambraprofessional.org\/en\/#\/schema\/logo\/image\/\"},\"sameAs\":[\"https:\/\/x.com\/Cambra_Empreses\",\"https:\/\/www.linkedin.com\/in\/cambraprofessional\/\"]}]}<\/script>\n<!-- \/ Yoast SEO plugin. -->","yoast_head_json":{"title":"Members of &#8226; Cambra Professional","robots":{"index":"index","follow":"follow","max-snippet":"max-snippet:-1","max-image-preview":"max-image-preview:large","max-video-preview":"max-video-preview:-1"},"canonical":"https:\/\/cambraprofessional.org\/en\/members-of\/","og_locale":"en_US","og_type":"article","og_title":"Members of &#8226; Cambra Professional","og_url":"https:\/\/cambraprofessional.org\/en\/members-of\/","og_site_name":"Cambra Professional","article_modified_time":"2025-05-27T16:45:54+00:00","twitter_card":"summary_large_image","twitter_site":"@Cambra_Empreses","twitter_misc":{"Est. reading time":"2 minutes"},"schema":{"@context":"https:\/\/schema.org","@graph":[{"@type":"WebPage","@id":"https:\/\/cambraprofessional.org\/en\/members-of\/","url":"https:\/\/cambraprofessional.org\/en\/members-of\/","name":"Members of &#8226; Cambra Professional","isPartOf":{"@id":"https:\/\/cambraprofessional.org\/en\/#website"},"datePublished":"2021-05-08T14:35:11+00:00","dateModified":"2025-05-27T16:45:54+00:00","breadcrumb":{"@id":"https:\/\/cambraprofessional.org\/en\/members-of\/#breadcrumb"},"inLanguage":"en-US","potentialAction":[{"@type":"ReadAction","target":["https:\/\/cambraprofessional.org\/en\/members-of\/"]}]},{"@type":"BreadcrumbList","@id":"https:\/\/cambraprofessional.org\/en\/members-of\/#breadcrumb","itemListElement":[{"@type":"ListItem","position":1,"name":"Inici","item":"https:\/\/cambraprofessional.org\/en\/"},{"@type":"ListItem","position":2,"name":"Members of"}]},{"@type":"WebSite","@id":"https:\/\/cambraprofessional.org\/en\/#website","url":"https:\/\/cambraprofessional.org\/en\/","name":"Cambra d&#039;Empreses","description":"Serveis Professionals a la Construcci\u00f3 Catalunya","publisher":{"@id":"https:\/\/cambraprofessional.org\/en\/#organization"},"potentialAction":[{"@type":"SearchAction","target":{"@type":"EntryPoint","urlTemplate":"https:\/\/cambraprofessional.org\/en\/?s={search_term_string}"},"query-input":{"@type":"PropertyValueSpecification","valueRequired":true,"valueName":"search_term_string"}}],"inLanguage":"en-US"},{"@type":"Organization","@id":"https:\/\/cambraprofessional.org\/en\/#organization","name":"Cambra d'Empreses, Serveis Professionals a la Construcci\u00f3 Catalunya","url":"https:\/\/cambraprofessional.org\/en\/","logo":{"@type":"ImageObject","inLanguage":"en-US","@id":"https:\/\/cambraprofessional.org\/en\/#\/schema\/logo\/image\/","url":"https:\/\/cambraprofessional.org\/wp-content\/uploads\/2020\/11\/300-logo-cambra-professionals-barcelona-construccion-arquitectura.jpg","contentUrl":"https:\/\/cambraprofessional.org\/wp-content\/uploads\/2020\/11\/300-logo-cambra-professionals-barcelona-construccion-arquitectura.jpg","width":300,"height":100,"caption":"Cambra d'Empreses, Serveis Professionals a la Construcci\u00f3 Catalunya"},"image":{"@id":"https:\/\/cambraprofessional.org\/en\/#\/schema\/logo\/image\/"},"sameAs":["https:\/\/x.com\/Cambra_Empreses","https:\/\/www.linkedin.com\/in\/cambraprofessional\/"]}]}},"_links":{"self":[{"href":"https:\/\/cambraprofessional.org\/en\/wp-json\/wp\/v2\/pages\/1174","targetHints":{"allow":["GET"]}}],"collection":[{"href":"https:\/\/cambraprofessional.org\/en\/wp-json\/wp\/v2\/pages"}],"about":[{"href":"https:\/\/cambraprofessional.org\/en\/wp-json\/wp\/v2\/types\/page"}],"author":[{"embeddable":true,"href":"https:\/\/cambraprofessional.org\/en\/wp-json\/wp\/v2\/users\/1"}],"replies":[{"embeddable":true,"href":"https:\/\/cambraprofessional.org\/en\/wp-json\/wp\/v2\/comments?post=1174"}],"version-history":[{"count":0,"href":"https:\/\/cambraprofessional.org\/en\/wp-json\/wp\/v2\/pages\/1174\/revisions"}],"wp:attachment":[{"href":"https:\/\/cambraprofessional.org\/en\/wp-json\/wp\/v2\/media?parent=1174"}],"curies":[{"name":"wp","href":"https:\/\/api.w.org\/{rel}","templated":true}]}}